{"id":7,"date":"2012-08-26T07:54:20","date_gmt":"2012-08-26T07:54:20","guid":{"rendered":"http:\/\/algjakt.nu\/wp\/?page_id=7"},"modified":"2025-09-17T12:07:53","modified_gmt":"2025-09-17T12:07:53","slug":"dokument","status":"publish","type":"page","link":"https:\/\/algjakt.nu\/wp\/?page_id=7","title":{"rendered":"Dokument"},"content":{"rendered":"<p><strong>\u00c5rsm\u00f6ten<\/strong><\/p>\n<ul>\n<li style=\"list-style-type: none;\">\n<ul>\n<li style=\"list-style-type: none;\">&nbsp;<\/li>\n<\/ul>\n<ul>\n<li><a title=\"Protokoll Gran\u00f6_VVO_Extra_2014\" href=\"http:\/\/algjakt.nu\/wp\/wp-content\/uploads\/2025\/09\/GranoVVOF-Extra-arsmote-2025-och-styrelsemote-250831.pdf\" target=\"_blank\" rel=\"noopener noreferrer\">Protokoll extra \u00e5rsm\u00f6te Gran\u00f6 VVO 2025<\/a><\/li>\n<li><a href=\"http:\/\/algjakt.nu\/wp\/wp-content\/uploads\/2025\/09\/GranoVVOF-arsmote-2025_compressed.pdf\" target=\"_blank\" rel=\"noopener noreferrer\">\u00c5rsm\u00f6tesprotokoll Gran\u00f6 VVO 2025<\/a><\/li>\n<li><a href=\"http:\/\/algjakt.nu\/wp\/wp-content\/uploads\/2024\/08\/Grano-VVOF-arsmote-protokoll-2024.pdf\" target=\"_blank\" rel=\"noopener noreferrer\">\u00c5rsm\u00f6tesprotokoll Gran\u00f6 VVO 2024<\/a><\/li>\n<li><a href=\"http:\/\/algjakt.nu\/wp\/wp-content\/uploads\/2023\/10\/Arsmote-Grano-VVO-20230812.pdf\" target=\"_blank\" rel=\"noopener noreferrer\">\u00c5rsm\u00f6tesprotokoll Gran\u00f6 VVO 2023<\/a><\/li>\n<li><a href=\"http:\/\/algjakt.nu\/wp\/wp-content\/uploads\/2022\/07\/Arsmote-Grano-VVO-20220702.pdf\" target=\"_blank\" rel=\"noopener noreferrer\">\u00c5rsm\u00f6tesprotokoll Gran\u00f6 VVO 2022<\/a><\/li>\n<li><a href=\"http:\/\/algjakt.nu\/wp\/wp-content\/uploads\/2020\/08\/Gran\u00f6-VVOF-\u00e5rsm\u00f6tesprotokoll-20200806.pdf\" target=\"_blank\" rel=\"noopener noreferrer\">\u00c5rsm\u00f6tesprotokoll Gran\u00f6 VVO 2020<\/a><\/li>\n<li><a href=\"http:\/\/algjakt.nu\/wp\/wp-content\/uploads\/2019\/08\/Gran\u00f6-VVOF-\u00e5rsm\u00f6tesprotokoll-20190808.pdf\" target=\"_blank\" rel=\"noopener noreferrer\">\u00c5rsm\u00f6tesprotokoll Gran\u00f6 VVO 2019<\/a><\/li>\n<li><a title=\"Protokoll Gran\u00f6_VVO_2018\" href=\"http:\/\/algjakt.nu\/wp\/wp-content\/uploads\/2018\/09\/%C3%85rsm%C3%B6tesprotokoll180804.pdf\" target=\"_blank\" rel=\"noopener noreferrer\">\u00c5rsm\u00f6tesprotokoll Gran\u00f6 VVO 2018<\/a><\/li>\n<li><a title=\"Protokoll Gran\u00f6_VVO_2017\" href=\"http:\/\/algjakt.nu\/wp\/wp-content\/uploads\/2017\/09\/Protokoll-\u00c5rsm\u00f6te-Gran\u00f6VVO17.pdf\" target=\"_blank\" rel=\"noopener noreferrer\">\u00c5rsm\u00f6tesprotokoll Gran\u00f6 VVO 2017<\/a><\/li>\n<li><a title=\"Protokoll Gran\u00f6_VVO_2016\" href=\"http:\/\/algjakt.nu\/wp\/wp-content\/uploads\/2016\/08\/\u00c5rsm\u00f6te-2016-Gran\u00f6-VVOF.pdf\" target=\"_blank\" rel=\"noopener noreferrer\">\u00c5rsm\u00f6tesprotokoll Gran\u00f6 VVO 2016<\/a><\/li>\n<li><a title=\"\u00c5rsm\u00f6tesprotokoll Gran\u00f6 VVO 2015\" href=\"http:\/\/algjakt.nu\/wp\/wp-content\/uploads\/2015\/08\/Gran\u00f6VVOF-\u00e5rsm\u00f6te2015-protokoll.pdf\" target=\"_blank\" rel=\"noopener noreferrer\">\u00c5rsm\u00f6tesprotokoll Gran\u00f6 VVO 2015<\/a><\/li>\n<li><a title=\"Protokoll Gran\u00f6_VVO_Extra_2014\" href=\"http:\/\/algjakt.nu\/wp\/wp-content\/uploads\/2014\/09\/Protokoll-Gran\u00f6-VVO-Extra-2014.pdf\" target=\"_blank\" rel=\"noopener noreferrer\">Protokoll extra \u00e5rsm\u00f6te Gran\u00f6 VVO 2014<\/a><\/li>\n<li><a title=\"N\u00e4rvarolista_Extra\u00e5rsm\u00f6te\" href=\"http:\/\/algjakt.nu\/wp\/wp-content\/uploads\/2014\/09\/N\u00e4rvarolista-Extra\u00e5rsm\u00f6te.pdf\" target=\"_blank\" rel=\"noopener noreferrer\">N\u00e4rvarolista extra \u00e5rsm\u00f6te Gran\u00f6 VVO 2014<\/a><\/li>\n<li><a title=\"Protokoll Gran\u00f6_VVO_2014\" href=\"http:\/\/algjakt.nu\/wp\/wp-content\/uploads\/2014\/08\/Gran\u00f6-Vvo-\u00c5rsm\u00f6te-2014-Protokoll.pdf\" target=\"_blank\" rel=\"noopener noreferrer\">\u00c5rsm\u00f6tesprotokoll Gran\u00f6 VVO 2014<\/a><\/li>\n<li><a title=\"Protokoll Gran\u00f6_VVO_2011\" href=\"http:\/\/algjakt.nu\/wp\/wp-content\/uploads\/2012\/08\/VVO_protokoll_2011.pdf\" target=\"_blank\" rel=\"noopener noreferrer\">\u00c5rsm\u00f6tesprotokoll Gran\u00f6 VVO 2011<\/a><\/li>\n<li><a title=\"Protokoll Gran\u00f6_VVO_2010\" href=\"http:\/\/algjakt.nu\/wp\/wp-content\/uploads\/2012\/08\/VVO_protokoll_2010.pdf\" target=\"_blank\" rel=\"noopener noreferrer\">\u00c5rsm\u00f6tesprotokoll Gran\u00f6 VVO 2010<\/a><\/li>\n<\/ul>\n<\/li>\n<\/ul>\n<p><strong>Styrelsem\u00f6ten<\/strong><\/p>\n<ul>\n<li style=\"list-style-type: none;\">\n<ul>\n<li><a title=\"Protokoll Styrelsem\u00f6te Gran\u00f6 VVO 2020-02-22\" href=\"http:\/\/algjakt.nu\/wp\/wp-content\/uploads\/2020\/06\/Protokoll-Styrelsem%C3%B6te-Gran%C3%B6-VVOF-2020-02-22.pdf\" target=\"_blank\" rel=\"noopener noreferrer\">Protokoll Styrelsem\u00f6te Gran\u00f6 VVO 2020-02-22<\/a><\/li>\n<li><a title=\"Protokoll Styrelsem\u00f6te Gran\u00f6 VVO 2019-06-29\" href=\"http:\/\/algjakt.nu\/wp\/wp-content\/uploads\/2019\/07\/Protokoll-styrelsem\u00f6te-Gran\u00f6-VVOF-2019-06-29-underskrivet.pdf\" target=\"_blank\" rel=\"noopener noreferrer\">Protokoll Styrelsem\u00f6te Gran\u00f6 VVO 2019-06-29<\/a><\/li>\n<li><a title=\"Protokoll Styrelsem\u00f6te Gran\u00f6 VVO 2018-06-09\" href=\"http:\/\/algjakt.nu\/wp\/wp-content\/uploads\/2018\/07\/Styrelsem\u00f6te20180609-sign.pdf\" target=\"_blank\" rel=\"noopener noreferrer\">Protokoll Styrelsem\u00f6te Gran\u00f6 VVO 2018-06-09<\/a><\/li>\n<li><a title=\"Protokoll Styrelsem\u00f6te Gran\u00f6 VVO 2016-08-05\" href=\"http:\/\/algjakt.nu\/wp\/wp-content\/uploads\/2016\/08\/Protokoll-styrelsen-20160805.pdf\" target=\"_blank\" rel=\"noopener noreferrer\">Protokoll Styrelsem\u00f6te Gran\u00f6 VVO 2016-08-05<\/a><\/li>\n<li><a title=\"Protokoll Styrelsem\u00f6te Gran\u00f6 VVO 2016-05-20\" href=\"http:\/\/algjakt.nu\/wp\/wp-content\/uploads\/2016\/06\/Styrelsem\u00f6te20160520-sign-SA-EW.pdf\" target=\"_blank\" rel=\"noopener noreferrer\">Protokoll Styrelsem\u00f6te Gran\u00f6 VVO 2016-05-20<\/a><\/li>\n<li><a title=\"Protokoll Styrelsem\u00f6te Gran\u00f6 VVO 2016-03-03\" href=\"http:\/\/algjakt.nu\/wp\/wp-content\/uploads\/2016\/03\/Styrelseprotokoll-Gran\u00f6-VVOF-20160303-underskrivet.pdf\" target=\"_blank\" rel=\"noopener noreferrer\">Protokoll Styrelsem\u00f6te Gran\u00f6 VVO 2016-03-03<\/a><\/li>\n<li><a title=\"Protokoll extra jaktst\u00e4mma Gran\u00f6 VVO 2015-11-20\" href=\"http:\/\/algjakt.nu\/wp\/wp-content\/uploads\/2015\/11\/VVO_Protokoll_2015-11-20.pdf\" target=\"_blank\" rel=\"noopener noreferrer\">Protokoll extra jaktst\u00e4mma Gran\u00f6 VVO 2015-11-20<\/a><\/li>\n<li><a title=\"Protokoll Styrelsem\u00f6te Gran\u00f6 VVO 2015-08-21\" href=\"http:\/\/algjakt.nu\/wp\/wp-content\/uploads\/2015\/09\/Styrelsem\u00f6teprotokoll20150821.pdf\" target=\"_blank\" rel=\"noopener noreferrer\">Protokoll Styrelsem\u00f6te Gran\u00f6 VVO 2015-08-21<\/a><\/li>\n<li><a title=\"Protokoll Gran\u00f6_VVO_27_September\" href=\"http:\/\/algjakt.nu\/wp\/wp-content\/uploads\/2014\/10\/0188_001.pdf\" target=\"_blank\" rel=\"noopener noreferrer\">Protokoll Styrelsem\u00f6te Gran\u00f6 VVO 2014-09-27<\/a><\/li>\n<\/ul>\n<\/li>\n<\/ul>\n<p><strong>\u00d6vrigt<\/strong><\/p>\n<ul>\n<li><a href=\"http:\/\/algjakt.nu\/wp\/wp-content\/uploads\/2024\/08\/Fortydligande-gallande-smaviltskort.pdf\">F\u00f6rtydligande g\u00e4llande sm\u00e5viltskort<\/a><\/li>\n<\/ul>\n","protected":false},"excerpt":{"rendered":"<p>\u00c5rsm\u00f6ten &nbsp; Protokoll extra \u00e5rsm\u00f6te Gran\u00f6 VVO 2025 \u00c5rsm\u00f6tesprotokoll Gran\u00f6 VVO 2025 \u00c5rsm\u00f6tesprotokoll Gran\u00f6 VVO 2024 \u00c5rsm\u00f6tesprotokoll Gran\u00f6 VVO 2023 \u00c5rsm\u00f6tesprotokoll Gran\u00f6 VVO 2022 \u00c5rsm\u00f6tesprotokoll Gran\u00f6 VVO 2020 \u00c5rsm\u00f6tesprotokoll Gran\u00f6 VVO 2019 \u00c5rsm\u00f6tesprotokoll Gran\u00f6 VVO 2018 \u00c5rsm\u00f6tesprotokoll Gran\u00f6 VVO 2017 \u00c5rsm\u00f6tesprotokoll Gran\u00f6 VVO 2016 \u00c5rsm\u00f6tesprotokoll Gran\u00f6 VVO 2015 Protokoll extra \u00e5rsm\u00f6te Gran\u00f6 VVO 2014 N\u00e4rvarolista [&hellip;]<\/p>\n","protected":false},"author":1,"featured_media":0,"parent":0,"menu_order":0,"comment_status":"closed","ping_status":"closed","template":"","meta":{"ngg_post_thumbnail":0,"jetpack_post_was_ever_published":false},"jetpack_sharing_enabled":true,"jetpack_shortlink":"https:\/\/wp.me\/P8C3GI-7","jetpack-related-posts":[{"id":10,"url":"https:\/\/algjakt.nu\/wp\/?page_id=10","url_meta":{"origin":7,"position":0},"title":"Om Gran\u00f6 VVO","author":"Jonas Bur\u00e9n","date":"augusti 26, 2012","format":false,"excerpt":"Ordf\u00f6rande Thomas Olovsson Jaktledare Rickard Sturesson Swish-nummer: 123 202 48 18","rel":"","context":"Liknande inl\u00e4gg","block_context":{"text":"Liknande inl\u00e4gg","link":""},"img":{"alt_text":"","src":"","width":0,"height":0},"classes":[]}],"_links":{"self":[{"href":"https:\/\/algjakt.nu\/wp\/index.php?rest_route=\/wp\/v2\/pages\/7"}],"collection":[{"href":"https:\/\/algjakt.nu\/wp\/index.php?rest_route=\/wp\/v2\/pages"}],"about":[{"href":"https:\/\/algjakt.nu\/wp\/index.php?rest_route=\/wp\/v2\/types\/page"}],"author":[{"embeddable":true,"href":"https:\/\/algjakt.nu\/wp\/index.php?rest_route=\/wp\/v2\/users\/1"}],"replies":[{"embeddable":true,"href":"https:\/\/algjakt.nu\/wp\/index.php?rest_route=%2Fwp%2Fv2%2Fcomments&post=7"}],"version-history":[{"count":38,"href":"https:\/\/algjakt.nu\/wp\/index.php?rest_route=\/wp\/v2\/pages\/7\/revisions"}],"predecessor-version":[{"id":736,"href":"https:\/\/algjakt.nu\/wp\/index.php?rest_route=\/wp\/v2\/pages\/7\/revisions\/736"}],"wp:attachment":[{"href":"https:\/\/algjakt.nu\/wp\/index.php?rest_route=%2Fwp%2Fv2%2Fmedia&parent=7"}],"curies":[{"name":"wp","href":"https:\/\/api.w.org\/{rel}","templated":true}]}}