{"id":10,"date":"2012-08-26T07:56:15","date_gmt":"2012-08-26T07:56:15","guid":{"rendered":"http:\/\/algjakt.nu\/wp\/?page_id=10"},"modified":"2023-10-12T05:48:42","modified_gmt":"2023-10-12T05:48:42","slug":"om-grano-vvo","status":"publish","type":"page","link":"https:\/\/algjakt.nu\/wp\/?page_id=10","title":{"rendered":"Om Gran\u00f6 VVO"},"content":{"rendered":"<ul>\n<li>Ordf\u00f6rande Thomas Olovsson<\/li>\n<li>Jaktledare Rickard Sturesson<\/li>\n<\/ul>\n<ul>\n<li>Swish-nummer: 123 202 48 18<\/li>\n<\/ul>\n","protected":false},"excerpt":{"rendered":"<p>Ordf\u00f6rande Thomas Olovsson Jaktledare Rickard Sturesson Swish-nummer: 123 202 48 18<\/p>\n","protected":false},"author":1,"featured_media":0,"parent":0,"menu_order":0,"comment_status":"closed","ping_status":"closed","template":"","meta":{"ngg_post_thumbnail":0,"jetpack_post_was_ever_published":false},"jetpack_sharing_enabled":true,"jetpack_shortlink":"https:\/\/wp.me\/P8C3GI-a","jetpack-related-posts":[{"id":7,"url":"https:\/\/algjakt.nu\/wp\/?page_id=7","url_meta":{"origin":10,"position":0},"title":"Dokument","author":"Jonas Bur\u00e9n","date":"augusti 26, 2012","format":false,"excerpt":"\u00c5rsm\u00f6ten \u00a0 Protokoll extra \u00e5rsm\u00f6te Gran\u00f6 VVO 2025 \u00c5rsm\u00f6tesprotokoll Gran\u00f6 VVO 2025 \u00c5rsm\u00f6tesprotokoll Gran\u00f6 VVO 2024 \u00c5rsm\u00f6tesprotokoll Gran\u00f6 VVO 2023 \u00c5rsm\u00f6tesprotokoll Gran\u00f6 VVO 2022 \u00c5rsm\u00f6tesprotokoll Gran\u00f6 VVO 2020 \u00c5rsm\u00f6tesprotokoll Gran\u00f6 VVO 2019 \u00c5rsm\u00f6tesprotokoll Gran\u00f6 VVO 2018 \u00c5rsm\u00f6tesprotokoll Gran\u00f6 VVO 2017 \u00c5rsm\u00f6tesprotokoll Gran\u00f6 VVO 2016 \u00c5rsm\u00f6tesprotokoll Gran\u00f6 VVO 2015 Protokoll extra\u2026","rel":"","context":"Liknande inl\u00e4gg","block_context":{"text":"Liknande inl\u00e4gg","link":""},"img":{"alt_text":"","src":"","width":0,"height":0},"classes":[]}],"_links":{"self":[{"href":"https:\/\/algjakt.nu\/wp\/index.php?rest_route=\/wp\/v2\/pages\/10"}],"collection":[{"href":"https:\/\/algjakt.nu\/wp\/index.php?rest_route=\/wp\/v2\/pages"}],"about":[{"href":"https:\/\/algjakt.nu\/wp\/index.php?rest_route=\/wp\/v2\/types\/page"}],"author":[{"embeddable":true,"href":"https:\/\/algjakt.nu\/wp\/index.php?rest_route=\/wp\/v2\/users\/1"}],"replies":[{"embeddable":true,"href":"https:\/\/algjakt.nu\/wp\/index.php?rest_route=%2Fwp%2Fv2%2Fcomments&post=10"}],"version-history":[{"count":12,"href":"https:\/\/algjakt.nu\/wp\/index.php?rest_route=\/wp\/v2\/pages\/10\/revisions"}],"predecessor-version":[{"id":701,"href":"https:\/\/algjakt.nu\/wp\/index.php?rest_route=\/wp\/v2\/pages\/10\/revisions\/701"}],"wp:attachment":[{"href":"https:\/\/algjakt.nu\/wp\/index.php?rest_route=%2Fwp%2Fv2%2Fmedia&parent=10"}],"curies":[{"name":"wp","href":"https:\/\/api.w.org\/{rel}","templated":true}]}}